{"id":54,"date":"2023-01-14T21:18:39","date_gmt":"2023-01-14T21:18:39","guid":{"rendered":"https:\/\/kanzlei-gagel.de\/?page_id=54"},"modified":"2023-01-25T19:51:42","modified_gmt":"2023-01-25T19:51:42","slug":"abgabefristen-beim-finanzamt","status":"publish","type":"page","link":"https:\/\/kanzlei-gagel.de\/?page_id=54","title":{"rendered":"Abgabefristen beim Finanzamt"},"content":{"rendered":"<p>M\u00fcssen Sie Ihre Steuererkl\u00e4rung, Einnahme\u00fcberschussrechnung, Bilanz usw. abgeben, dann sind Sie bei uns richtig. Kontaktieren Sie uns gleich \u00fcber das <a href=\"https:\/\/kanzlei-gagel.de\/?page_id=38\">Kontaktformular<\/a> oder rufen Sie uns an.<\/p>\n","protected":false},"excerpt":{"rendered":"<p>M\u00fcssen Sie Ihre Steuererkl\u00e4rung, Einnahme\u00fcberschussrechnung, Bilanz usw. abgeben, dann sind Sie bei uns richtig. Kontaktieren Sie uns gleich \u00fcber das Kontaktformular oder rufen Sie uns an.<\/p>\n","protected":false},"author":1,"featured_media":111,"parent":0,"menu_order":0,"comment_status":"closed","ping_status":"closed","template":"","meta":{"footnotes":""},"class_list":["post-54","page","type-page","status-publish","has-post-thumbnail","hentry"],"aioseo_notices":[],"jetpack_sharing_enabled":true,"_links":{"self":[{"href":"https:\/\/kanzlei-gagel.de\/index.php?rest_route=\/wp\/v2\/pages\/54","targetHints":{"allow":["GET"]}}],"collection":[{"href":"https:\/\/kanzlei-gagel.de\/index.php?rest_route=\/wp\/v2\/pages"}],"about":[{"href":"https:\/\/kanzlei-gagel.de\/index.php?rest_route=\/wp\/v2\/types\/page"}],"author":[{"embeddable":true,"href":"https:\/\/kanzlei-gagel.de\/index.php?rest_route=\/wp\/v2\/users\/1"}],"replies":[{"embeddable":true,"href":"https:\/\/kanzlei-gagel.de\/index.php?rest_route=%2Fwp%2Fv2%2Fcomments&post=54"}],"version-history":[{"count":3,"href":"https:\/\/kanzlei-gagel.de\/index.php?rest_route=\/wp\/v2\/pages\/54\/revisions"}],"predecessor-version":[{"id":75,"href":"https:\/\/kanzlei-gagel.de\/index.php?rest_route=\/wp\/v2\/pages\/54\/revisions\/75"}],"wp:featuredmedia":[{"embeddable":true,"href":"https:\/\/kanzlei-gagel.de\/index.php?rest_route=\/wp\/v2\/media\/111"}],"wp:attachment":[{"href":"https:\/\/kanzlei-gagel.de\/index.php?rest_route=%2Fwp%2Fv2%2Fmedia&parent=54"}],"curies":[{"name":"wp","href":"https:\/\/api.w.org\/{rel}","templated":true}]}}