{"id":35,"date":"2023-01-14T11:51:09","date_gmt":"2023-01-14T11:51:09","guid":{"rendered":"https:\/\/kanzlei-gagel.de\/?page_id=35"},"modified":"2024-07-23T20:12:31","modified_gmt":"2024-07-23T20:12:31","slug":"impressum","status":"publish","type":"page","link":"https:\/\/kanzlei-gagel.de\/?page_id=35","title":{"rendered":"Impressum"},"content":{"rendered":"<h3>Angaben gem\u00e4\u00df \u00a7 5 DDG<\/h3>\n<p>Edith Gagel<br \/>\nKanzlei Gagel &#8211; Steuerberatung<br \/>\nHindenburgstra\u00dfe 17<br \/>\n76297 Stutensee<\/p>\n<h3>Kontakt<\/h3>\n<p>Telefon: +4972493872592<br \/>\nE-Mail: kontakt@kanzlei-gagel.de<\/p>\n<h3>Berufsbezeichnung und berufsrechtliche Regelungen<\/h3>\n<p>Berufsbezeichnung:<br \/>\nSteuerberaterin<\/p>\n<p>Zust\u00e4ndige Kammer:<br \/>\nSteuerberaterkammer Nordbaden<br \/>\nK\u00f6rperschaft des \u00f6ffentlichen Rechts<br \/>\nVangerowstra\u00dfe 16<br \/>\n69115 Heidelberg<\/p>\n<p>Verliehen in:<br \/>\nDeutschland<\/p>\n<p>Es gelten folgende berufsrechtliche Regelungen:<\/p>\n<p>Steuerberatungsgesetz (StBerG)<br \/>\neinsehbar unter: <a href=\"https:\/\/bstbk.de\/\" target=\"_blank\" rel=\"noopener noreferrer\">https:\/\/bstbk.de\/<\/a><\/p>\n<p>Durchf\u00fchrungsverordnung zum Steuerberatergesetz (DVStB)<br \/>\neinsehbar unter: <a href=\"https:\/\/bstbk.de\/\" target=\"_blank\" rel=\"noopener noreferrer\">https:\/\/bstbk.de\/<\/a><\/p>\n<p>Berufsordnung der Steuerberater (BOStB)<br \/>\neinsehbar unter: <a href=\"https:\/\/bstbk.de\/\" target=\"_blank\" rel=\"noopener noreferrer\">https:\/\/bstbk.de\/<\/a><\/p>\n<p>Steuerberaterverg\u00fctungsverordnung (StBVV)<br \/>\neinsehbar unter: <a href=\"https:\/\/bstbk.de\/\" target=\"_blank\" rel=\"noopener noreferrer\">https:\/\/bstbk.de\/<\/a><\/p>\n<h3>Angaben zur Berufs\u00adhaftpflicht\u00adversicherung<\/h3>\n<p><strong>Name und Sitz des Versicherers:<\/strong><br \/>\nmailo AG<br \/>\nRiehler Stra\u00dfe 1<br \/>\n50668 K\u00f6ln<\/p>\n<p><strong>Geltungsraum der Versicherung:<\/strong><br \/>\nDer r\u00e4umliche Geltungsbereich des Versicherungsschutzes umfasst Dienstleistungen zumindest in den Mitgliedsl\u00e4ndern der Europ\u00e4ischen Union und gen\u00fcgt mindestens den Anforderungen des \u00a7 67 Steuerberatungsgesetz (StBerG) und der \u00a7\u00a7 51 ff. Verordnung zur Durchf\u00fchrung der Vorschriften \u00fcber Steuerberater, Steuerbevollm\u00e4chtigte und Steuerberatungsgesellschaften.<\/p>\n<h3>Rechtswirksamkeit des Haftungsausschlusses<\/h3>\n<p>Dieser Haftungsausschluss ist als Teil des Internetangebotes zu betrachten, von dem aus auf diese Seite verwiesen wurde. Sofern Teile oder einzelne Formulierungen dieses Textes der geltenden Rechtslage nicht, nicht mehr oder nicht vollst\u00e4ndig entsprechen sollten, bleiben die \u00fcbrigen Teile des Dokumentes in ihrem Inhalt und ihrer G\u00fcltigkeit davon unber\u00fchrt.<\/p>\n<h3>EU-Streitschlichtung<\/h3>\n<p>Die Europ\u00e4ische Kommission stellt eine Plattform zur Online-Streitbeilegung (OS) bereit: <a href=\"https:\/\/ec.europa.eu\/consumers\/odr\/\" target=\"_blank\" rel=\"noopener noreferrer\">https:\/\/ec.europa.eu\/consumers\/odr\/<\/a>.<br \/>\nUnsere E-Mail-Adresse finden Sie oben im Impressum.<\/p>\n<h3>Informationen nach dem Verbraucher\u00adstreit\u00adbeilegung\/Universal\u00adschlichtungs\u00adstelle<\/h3>\n<p>Es besteht keine Verpflichtung und keine Bereitschaft zur Teilnahme an einem Streitbeilegungsverfahren vor einer Verbraucherschlichtungsstelle.<\/p>\n","protected":false},"excerpt":{"rendered":"<p>Angaben gem\u00e4\u00df \u00a7 5 DDG Edith Gagel Kanzlei Gagel &#8211; Steuerberatung Hindenburgstra\u00dfe 17 76297 Stutensee Kontakt Telefon: +4972493872592 E-Mail: kontakt@kanzlei-gagel.de Berufsbezeichnung und berufsrechtliche Regelungen Berufsbezeichnung: Steuerberaterin Zust\u00e4ndige Kammer: Steuerberaterkammer Nordbaden K\u00f6rperschaft des \u00f6ffentlichen Rechts Vangerowstra\u00dfe 16 69115 Heidelberg Verliehen in: Deutschland Es gelten folgende berufsrechtliche Regelungen: Steuerberatungsgesetz (StBerG) einsehbar unter: https:\/\/bstbk.de\/ Durchf\u00fchrungsverordnung zum Steuerberatergesetz (DVStB) [&hellip;]<\/p>\n","protected":false},"author":1,"featured_media":0,"parent":0,"menu_order":0,"comment_status":"closed","ping_status":"closed","template":"","meta":{"footnotes":""},"class_list":["post-35","page","type-page","status-publish","hentry"],"aioseo_notices":[],"jetpack_sharing_enabled":true,"_links":{"self":[{"href":"https:\/\/kanzlei-gagel.de\/index.php?rest_route=\/wp\/v2\/pages\/35","targetHints":{"allow":["GET"]}}],"collection":[{"href":"https:\/\/kanzlei-gagel.de\/index.php?rest_route=\/wp\/v2\/pages"}],"about":[{"href":"https:\/\/kanzlei-gagel.de\/index.php?rest_route=\/wp\/v2\/types\/page"}],"author":[{"embeddable":true,"href":"https:\/\/kanzlei-gagel.de\/index.php?rest_route=\/wp\/v2\/users\/1"}],"replies":[{"embeddable":true,"href":"https:\/\/kanzlei-gagel.de\/index.php?rest_route=%2Fwp%2Fv2%2Fcomments&post=35"}],"version-history":[{"count":5,"href":"https:\/\/kanzlei-gagel.de\/index.php?rest_route=\/wp\/v2\/pages\/35\/revisions"}],"predecessor-version":[{"id":116,"href":"https:\/\/kanzlei-gagel.de\/index.php?rest_route=\/wp\/v2\/pages\/35\/revisions\/116"}],"wp:attachment":[{"href":"https:\/\/kanzlei-gagel.de\/index.php?rest_route=%2Fwp%2Fv2%2Fmedia&parent=35"}],"curies":[{"name":"wp","href":"https:\/\/api.w.org\/{rel}","templated":true}]}}